{"id":57651,"date":"2022-12-26T16:24:31","date_gmt":"2022-12-26T16:24:31","guid":{"rendered":"https:\/\/www.rent.is\/rent\/"},"modified":"2025-07-07T13:00:24","modified_gmt":"2025-07-07T13:00:24","slug":"rent","status":"publish","type":"page","link":"https:\/\/www.rent.is\/fr\/","title":{"rendered":"Rent"},"content":{"rendered":"","protected":false},"excerpt":{"rendered":"","protected":false},"author":1,"featured_media":0,"parent":0,"menu_order":0,"comment_status":"closed","ping_status":"closed","template":"","meta":{"_acf_changed":false,"footnotes":""},"class_list":["post-57651","page","type-page","status-publish","hentry"],"acf":[],"yoast_head":"<!-- This site is optimized with the Yoast SEO plugin v26.4 - https:\/\/yoast.com\/wordpress\/plugins\/seo\/ -->\n<title>Location de camper van en Islande \u2013 van am\u00e9nag\u00e9 ou camping<\/title>\n<meta name=\"description\" content=\"Vous cherchez \u00e0 louer un camping-car \u00e0 Reykjavik, en Islande? Nous proposons des vans am\u00e9nag\u00e9s et des camping-cars tout \u00e9quip\u00e9s pour explorer l\u2019Islande en toute libert\u00e9. \u2713 R\u00e9servez votre aventure d\u00e8s aujourd\u2019hui !\" \/>\n<meta name=\"robots\" content=\"index, follow, max-snippet:-1, max-image-preview:large, max-video-preview:-1\" \/>\n<link rel=\"canonical\" href=\"https:\/\/www.rent.is\/fr\/\" \/>\n<meta property=\"og:locale\" content=\"fr_FR\" \/>\n<meta property=\"og:type\" content=\"article\" \/>\n<meta property=\"og:title\" content=\"Location de camper van en Islande \u2013 van am\u00e9nag\u00e9 ou camping\" \/>\n<meta property=\"og:description\" content=\"Vous cherchez \u00e0 louer un camping-car \u00e0 Reykjavik, en Islande? Nous proposons des vans am\u00e9nag\u00e9s et des camping-cars tout \u00e9quip\u00e9s pour explorer l\u2019Islande en toute libert\u00e9. \u2713 R\u00e9servez votre aventure d\u00e8s aujourd\u2019hui !\" \/>\n<meta property=\"og:url\" content=\"https:\/\/www.rent.is\/fr\/\" \/>\n<meta property=\"og:site_name\" content=\"Rent.is\" \/>\n<meta property=\"article:publisher\" content=\"https:\/\/www.facebook.com\/campervansIceland\/\" \/>\n<meta property=\"article:modified_time\" content=\"2025-07-07T13:00:24+00:00\" \/>\n<meta property=\"og:image\" content=\"https:\/\/www.rent.is\/wp-content\/uploads\/2023\/11\/Social-share-01.jpg\" \/>\n\t<meta property=\"og:image:width\" content=\"1200\" \/>\n\t<meta property=\"og:image:height\" content=\"675\" \/>\n\t<meta property=\"og:image:type\" content=\"image\/jpeg\" \/>\n<meta name=\"twitter:card\" content=\"summary_large_image\" \/>\n<meta name=\"twitter:site\" content=\"@CampersIceland\" \/>\n<meta name=\"twitter:label1\" content=\"Dur\u00e9e de lecture estim\u00e9e\" \/>\n\t<meta name=\"twitter:data1\" content=\"14 minutes\" \/>\n<script type=\"application\/ld+json\" class=\"yoast-schema-graph\">{\"@context\":\"https:\/\/schema.org\",\"@graph\":[{\"@type\":\"WebPage\",\"@id\":\"https:\/\/www.rent.is\/fr\/\",\"url\":\"https:\/\/www.rent.is\/fr\/\",\"name\":\"Location de camper van en Islande \u2013 van am\u00e9nag\u00e9 ou camping\",\"isPartOf\":{\"@id\":\"https:\/\/www.rent.is\/fr\/#website\"},\"datePublished\":\"2022-12-26T16:24:31+00:00\",\"dateModified\":\"2025-07-07T13:00:24+00:00\",\"description\":\"Vous cherchez \u00e0 louer un camping-car \u00e0 Reykjavik, en Islande? Nous proposons des vans am\u00e9nag\u00e9s et des camping-cars tout \u00e9quip\u00e9s pour explorer l\u2019Islande en toute libert\u00e9. \u2713 R\u00e9servez votre aventure d\u00e8s aujourd\u2019hui !\",\"inLanguage\":\"fr-FR\",\"potentialAction\":[{\"@type\":\"ReadAction\",\"target\":[\"https:\/\/www.rent.is\/fr\/\"]}]},{\"@type\":\"WebSite\",\"@id\":\"https:\/\/www.rent.is\/fr\/#website\",\"url\":\"https:\/\/www.rent.is\/fr\/\",\"name\":\"Rent.is\",\"description\":\"Camper Van Iceland - Rent a camper, RV, or Motorhome\",\"publisher\":{\"@id\":\"https:\/\/www.rent.is\/fr\/#organization\"},\"alternateName\":\"Rent\",\"potentialAction\":[{\"@type\":\"SearchAction\",\"target\":{\"@type\":\"EntryPoint\",\"urlTemplate\":\"https:\/\/www.rent.is\/fr\/?s={search_term_string}\"},\"query-input\":{\"@type\":\"PropertyValueSpecification\",\"valueRequired\":true,\"valueName\":\"search_term_string\"}}],\"inLanguage\":\"fr-FR\"},{\"@type\":\"Organization\",\"@id\":\"https:\/\/www.rent.is\/fr\/#organization\",\"name\":\"Rent\",\"alternateName\":\"Rent Campervan Iceland\",\"url\":\"https:\/\/www.rent.is\/fr\/\",\"logo\":{\"@type\":\"ImageObject\",\"inLanguage\":\"fr-FR\",\"@id\":\"https:\/\/www.rent.is\/fr\/#\/schema\/logo\/image\/\",\"url\":\"https:\/\/www.rent.is\/wp-content\/uploads\/2023\/06\/Rent-logo__blue.svg\",\"contentUrl\":\"https:\/\/www.rent.is\/wp-content\/uploads\/2023\/06\/Rent-logo__blue.svg\",\"caption\":\"Rent\"},\"image\":{\"@id\":\"https:\/\/www.rent.is\/fr\/#\/schema\/logo\/image\/\"},\"sameAs\":[\"https:\/\/www.facebook.com\/campervansIceland\/\",\"https:\/\/x.com\/CampersIceland\"]}]}<\/script>\n<!-- \/ Yoast SEO plugin. -->","yoast_head_json":{"title":"Location de camper van en Islande \u2013 van am\u00e9nag\u00e9 ou camping","description":"Vous cherchez \u00e0 louer un camping-car \u00e0 Reykjavik, en Islande? Nous proposons des vans am\u00e9nag\u00e9s et des camping-cars tout \u00e9quip\u00e9s pour explorer l\u2019Islande en toute libert\u00e9. \u2713 R\u00e9servez votre aventure d\u00e8s aujourd\u2019hui !","robots":{"index":"index","follow":"follow","max-snippet":"max-snippet:-1","max-image-preview":"max-image-preview:large","max-video-preview":"max-video-preview:-1"},"canonical":"https:\/\/www.rent.is\/fr\/","og_locale":"fr_FR","og_type":"article","og_title":"Location de camper van en Islande \u2013 van am\u00e9nag\u00e9 ou camping","og_description":"Vous cherchez \u00e0 louer un camping-car \u00e0 Reykjavik, en Islande? Nous proposons des vans am\u00e9nag\u00e9s et des camping-cars tout \u00e9quip\u00e9s pour explorer l\u2019Islande en toute libert\u00e9. \u2713 R\u00e9servez votre aventure d\u00e8s aujourd\u2019hui !","og_url":"https:\/\/www.rent.is\/fr\/","og_site_name":"Rent.is","article_publisher":"https:\/\/www.facebook.com\/campervansIceland\/","article_modified_time":"2025-07-07T13:00:24+00:00","og_image":[{"width":1200,"height":675,"url":"https:\/\/www.rent.is\/wp-content\/uploads\/2023\/11\/Social-share-01.jpg","type":"image\/jpeg"}],"twitter_card":"summary_large_image","twitter_site":"@CampersIceland","twitter_misc":{"Dur\u00e9e de lecture estim\u00e9e":"14 minutes"},"schema":{"@context":"https:\/\/schema.org","@graph":[{"@type":"WebPage","@id":"https:\/\/www.rent.is\/fr\/","url":"https:\/\/www.rent.is\/fr\/","name":"Location de camper van en Islande \u2013 van am\u00e9nag\u00e9 ou camping","isPartOf":{"@id":"https:\/\/www.rent.is\/fr\/#website"},"datePublished":"2022-12-26T16:24:31+00:00","dateModified":"2025-07-07T13:00:24+00:00","description":"Vous cherchez \u00e0 louer un camping-car \u00e0 Reykjavik, en Islande? Nous proposons des vans am\u00e9nag\u00e9s et des camping-cars tout \u00e9quip\u00e9s pour explorer l\u2019Islande en toute libert\u00e9. \u2713 R\u00e9servez votre aventure d\u00e8s aujourd\u2019hui !","inLanguage":"fr-FR","potentialAction":[{"@type":"ReadAction","target":["https:\/\/www.rent.is\/fr\/"]}]},{"@type":"WebSite","@id":"https:\/\/www.rent.is\/fr\/#website","url":"https:\/\/www.rent.is\/fr\/","name":"Rent.is","description":"Camper Van Iceland - Rent a camper, RV, or Motorhome","publisher":{"@id":"https:\/\/www.rent.is\/fr\/#organization"},"alternateName":"Rent","potentialAction":[{"@type":"SearchAction","target":{"@type":"EntryPoint","urlTemplate":"https:\/\/www.rent.is\/fr\/?s={search_term_string}"},"query-input":{"@type":"PropertyValueSpecification","valueRequired":true,"valueName":"search_term_string"}}],"inLanguage":"fr-FR"},{"@type":"Organization","@id":"https:\/\/www.rent.is\/fr\/#organization","name":"Rent","alternateName":"Rent Campervan Iceland","url":"https:\/\/www.rent.is\/fr\/","logo":{"@type":"ImageObject","inLanguage":"fr-FR","@id":"https:\/\/www.rent.is\/fr\/#\/schema\/logo\/image\/","url":"https:\/\/www.rent.is\/wp-content\/uploads\/2023\/06\/Rent-logo__blue.svg","contentUrl":"https:\/\/www.rent.is\/wp-content\/uploads\/2023\/06\/Rent-logo__blue.svg","caption":"Rent"},"image":{"@id":"https:\/\/www.rent.is\/fr\/#\/schema\/logo\/image\/"},"sameAs":["https:\/\/www.facebook.com\/campervansIceland\/","https:\/\/x.com\/CampersIceland"]}]}},"_links":{"self":[{"href":"https:\/\/www.rent.is\/fr\/wp-json\/wp\/v2\/pages\/57651","targetHints":{"allow":["GET"]}}],"collection":[{"href":"https:\/\/www.rent.is\/fr\/wp-json\/wp\/v2\/pages"}],"about":[{"href":"https:\/\/www.rent.is\/fr\/wp-json\/wp\/v2\/types\/page"}],"author":[{"embeddable":true,"href":"https:\/\/www.rent.is\/fr\/wp-json\/wp\/v2\/users\/1"}],"replies":[{"embeddable":true,"href":"https:\/\/www.rent.is\/fr\/wp-json\/wp\/v2\/comments?post=57651"}],"version-history":[{"count":0,"href":"https:\/\/www.rent.is\/fr\/wp-json\/wp\/v2\/pages\/57651\/revisions"}],"wp:attachment":[{"href":"https:\/\/www.rent.is\/fr\/wp-json\/wp\/v2\/media?parent=57651"}],"curies":[{"name":"wp","href":"https:\/\/api.w.org\/{rel}","templated":true}]}}