{"id":57724,"date":"2023-04-25T09:15:45","date_gmt":"2023-04-25T09:15:45","guid":{"rendered":"https:\/\/www.rent.is\/faq\/"},"modified":"2024-09-17T13:25:47","modified_gmt":"2024-09-17T13:25:47","slug":"ofte-stillede-spoergsmaal","status":"publish","type":"page","link":"https:\/\/www.rent.is\/da\/ofte-stillede-spoergsmaal\/","title":{"rendered":"Ofte stillede sp\u00f8rgsm\u00e5l"},"content":{"rendered":"","protected":false},"excerpt":{"rendered":"","protected":false},"author":2,"featured_media":0,"parent":0,"menu_order":0,"comment_status":"closed","ping_status":"closed","template":"","meta":{"_acf_changed":false,"footnotes":""},"class_list":["post-57724","page","type-page","status-publish","hentry"],"acf":[],"yoast_head":"<!-- This site is optimized with the Yoast SEO plugin v26.4 - https:\/\/yoast.com\/wordpress\/plugins\/seo\/ -->\n<title>Ofte stillede sp\u00f8rgsm\u00e5l<\/title>\n<meta name=\"description\" content=\"Hvis du har sp\u00f8rgsm\u00e5l om camping i Island, s\u00e5 tag et kig p\u00e5 vores ofte stillede sp\u00f8rgsm\u00e5l. Vi har m\u00e5ske allerede besvaret din foresp\u00f8rgsel.\" \/>\n<meta name=\"robots\" content=\"index, follow, max-snippet:-1, max-image-preview:large, max-video-preview:-1\" \/>\n<link rel=\"canonical\" href=\"https:\/\/www.rent.is\/da\/ofte-stillede-spoergsmaal\/\" \/>\n<meta property=\"og:locale\" content=\"da_DK\" \/>\n<meta property=\"og:type\" content=\"article\" \/>\n<meta property=\"og:title\" content=\"Ofte stillede sp\u00f8rgsm\u00e5l\" \/>\n<meta property=\"og:description\" content=\"Hvis du har sp\u00f8rgsm\u00e5l om camping i Island, s\u00e5 tag et kig p\u00e5 vores ofte stillede sp\u00f8rgsm\u00e5l. Vi har m\u00e5ske allerede besvaret din foresp\u00f8rgsel.\" \/>\n<meta property=\"og:url\" content=\"https:\/\/www.rent.is\/da\/ofte-stillede-spoergsmaal\/\" \/>\n<meta property=\"og:site_name\" content=\"Rent.is\" \/>\n<meta property=\"article:publisher\" content=\"https:\/\/www.facebook.com\/campervansIceland\/\" \/>\n<meta property=\"article:modified_time\" content=\"2024-09-17T13:25:47+00:00\" \/>\n<meta property=\"og:image\" content=\"https:\/\/www.rent.is\/wp-content\/uploads\/2023\/11\/Social-share-01.jpg\" \/>\n\t<meta property=\"og:image:width\" content=\"1200\" \/>\n\t<meta property=\"og:image:height\" content=\"675\" \/>\n\t<meta property=\"og:image:type\" content=\"image\/jpeg\" \/>\n<meta name=\"twitter:card\" content=\"summary_large_image\" \/>\n<meta name=\"twitter:site\" content=\"@CampersIceland\" \/>\n<script type=\"application\/ld+json\" class=\"yoast-schema-graph\">{\"@context\":\"https:\/\/schema.org\",\"@graph\":[{\"@type\":\"WebPage\",\"@id\":\"https:\/\/www.rent.is\/da\/ofte-stillede-spoergsmaal\/\",\"url\":\"https:\/\/www.rent.is\/da\/ofte-stillede-spoergsmaal\/\",\"name\":\"Ofte stillede sp\u00f8rgsm\u00e5l\",\"isPartOf\":{\"@id\":\"https:\/\/www.rent.is\/da\/#website\"},\"datePublished\":\"2023-04-25T09:15:45+00:00\",\"dateModified\":\"2024-09-17T13:25:47+00:00\",\"description\":\"Hvis du har sp\u00f8rgsm\u00e5l om camping i Island, s\u00e5 tag et kig p\u00e5 vores ofte stillede sp\u00f8rgsm\u00e5l. Vi har m\u00e5ske allerede besvaret din foresp\u00f8rgsel.\",\"inLanguage\":\"da-DK\",\"potentialAction\":[{\"@type\":\"ReadAction\",\"target\":[\"https:\/\/www.rent.is\/da\/ofte-stillede-spoergsmaal\/\"]}]},{\"@type\":\"WebSite\",\"@id\":\"https:\/\/www.rent.is\/da\/#website\",\"url\":\"https:\/\/www.rent.is\/da\/\",\"name\":\"Rent.is\",\"description\":\"Camper Van Iceland - Rent a camper, RV, or Motorhome\",\"publisher\":{\"@id\":\"https:\/\/www.rent.is\/da\/#organization\"},\"alternateName\":\"Rent\",\"potentialAction\":[{\"@type\":\"SearchAction\",\"target\":{\"@type\":\"EntryPoint\",\"urlTemplate\":\"https:\/\/www.rent.is\/da\/?s={search_term_string}\"},\"query-input\":{\"@type\":\"PropertyValueSpecification\",\"valueRequired\":true,\"valueName\":\"search_term_string\"}}],\"inLanguage\":\"da-DK\"},{\"@type\":\"Organization\",\"@id\":\"https:\/\/www.rent.is\/da\/#organization\",\"name\":\"Rent\",\"alternateName\":\"Rent Campervan Iceland\",\"url\":\"https:\/\/www.rent.is\/da\/\",\"logo\":{\"@type\":\"ImageObject\",\"inLanguage\":\"da-DK\",\"@id\":\"https:\/\/www.rent.is\/da\/#\/schema\/logo\/image\/\",\"url\":\"https:\/\/www.rent.is\/wp-content\/uploads\/2023\/06\/Rent-logo__blue.svg\",\"contentUrl\":\"https:\/\/www.rent.is\/wp-content\/uploads\/2023\/06\/Rent-logo__blue.svg\",\"caption\":\"Rent\"},\"image\":{\"@id\":\"https:\/\/www.rent.is\/da\/#\/schema\/logo\/image\/\"},\"sameAs\":[\"https:\/\/www.facebook.com\/campervansIceland\/\",\"https:\/\/x.com\/CampersIceland\"]}]}<\/script>\n<!-- \/ Yoast SEO plugin. -->","yoast_head_json":{"title":"Ofte stillede sp\u00f8rgsm\u00e5l","description":"Hvis du har sp\u00f8rgsm\u00e5l om camping i Island, s\u00e5 tag et kig p\u00e5 vores ofte stillede sp\u00f8rgsm\u00e5l. Vi har m\u00e5ske allerede besvaret din foresp\u00f8rgsel.","robots":{"index":"index","follow":"follow","max-snippet":"max-snippet:-1","max-image-preview":"max-image-preview:large","max-video-preview":"max-video-preview:-1"},"canonical":"https:\/\/www.rent.is\/da\/ofte-stillede-spoergsmaal\/","og_locale":"da_DK","og_type":"article","og_title":"Ofte stillede sp\u00f8rgsm\u00e5l","og_description":"Hvis du har sp\u00f8rgsm\u00e5l om camping i Island, s\u00e5 tag et kig p\u00e5 vores ofte stillede sp\u00f8rgsm\u00e5l. Vi har m\u00e5ske allerede besvaret din foresp\u00f8rgsel.","og_url":"https:\/\/www.rent.is\/da\/ofte-stillede-spoergsmaal\/","og_site_name":"Rent.is","article_publisher":"https:\/\/www.facebook.com\/campervansIceland\/","article_modified_time":"2024-09-17T13:25:47+00:00","og_image":[{"width":1200,"height":675,"url":"https:\/\/www.rent.is\/wp-content\/uploads\/2023\/11\/Social-share-01.jpg","type":"image\/jpeg"}],"twitter_card":"summary_large_image","twitter_site":"@CampersIceland","schema":{"@context":"https:\/\/schema.org","@graph":[{"@type":"WebPage","@id":"https:\/\/www.rent.is\/da\/ofte-stillede-spoergsmaal\/","url":"https:\/\/www.rent.is\/da\/ofte-stillede-spoergsmaal\/","name":"Ofte stillede sp\u00f8rgsm\u00e5l","isPartOf":{"@id":"https:\/\/www.rent.is\/da\/#website"},"datePublished":"2023-04-25T09:15:45+00:00","dateModified":"2024-09-17T13:25:47+00:00","description":"Hvis du har sp\u00f8rgsm\u00e5l om camping i Island, s\u00e5 tag et kig p\u00e5 vores ofte stillede sp\u00f8rgsm\u00e5l. Vi har m\u00e5ske allerede besvaret din foresp\u00f8rgsel.","inLanguage":"da-DK","potentialAction":[{"@type":"ReadAction","target":["https:\/\/www.rent.is\/da\/ofte-stillede-spoergsmaal\/"]}]},{"@type":"WebSite","@id":"https:\/\/www.rent.is\/da\/#website","url":"https:\/\/www.rent.is\/da\/","name":"Rent.is","description":"Camper Van Iceland - Rent a camper, RV, or Motorhome","publisher":{"@id":"https:\/\/www.rent.is\/da\/#organization"},"alternateName":"Rent","potentialAction":[{"@type":"SearchAction","target":{"@type":"EntryPoint","urlTemplate":"https:\/\/www.rent.is\/da\/?s={search_term_string}"},"query-input":{"@type":"PropertyValueSpecification","valueRequired":true,"valueName":"search_term_string"}}],"inLanguage":"da-DK"},{"@type":"Organization","@id":"https:\/\/www.rent.is\/da\/#organization","name":"Rent","alternateName":"Rent Campervan Iceland","url":"https:\/\/www.rent.is\/da\/","logo":{"@type":"ImageObject","inLanguage":"da-DK","@id":"https:\/\/www.rent.is\/da\/#\/schema\/logo\/image\/","url":"https:\/\/www.rent.is\/wp-content\/uploads\/2023\/06\/Rent-logo__blue.svg","contentUrl":"https:\/\/www.rent.is\/wp-content\/uploads\/2023\/06\/Rent-logo__blue.svg","caption":"Rent"},"image":{"@id":"https:\/\/www.rent.is\/da\/#\/schema\/logo\/image\/"},"sameAs":["https:\/\/www.facebook.com\/campervansIceland\/","https:\/\/x.com\/CampersIceland"]}]}},"_links":{"self":[{"href":"https:\/\/www.rent.is\/da\/wp-json\/wp\/v2\/pages\/57724","targetHints":{"allow":["GET"]}}],"collection":[{"href":"https:\/\/www.rent.is\/da\/wp-json\/wp\/v2\/pages"}],"about":[{"href":"https:\/\/www.rent.is\/da\/wp-json\/wp\/v2\/types\/page"}],"author":[{"embeddable":true,"href":"https:\/\/www.rent.is\/da\/wp-json\/wp\/v2\/users\/2"}],"replies":[{"embeddable":true,"href":"https:\/\/www.rent.is\/da\/wp-json\/wp\/v2\/comments?post=57724"}],"version-history":[{"count":0,"href":"https:\/\/www.rent.is\/da\/wp-json\/wp\/v2\/pages\/57724\/revisions"}],"wp:attachment":[{"href":"https:\/\/www.rent.is\/da\/wp-json\/wp\/v2\/media?parent=57724"}],"curies":[{"name":"wp","href":"https:\/\/api.w.org\/{rel}","templated":true}]}}